{"id":765,"date":"2018-07-18T17:50:24","date_gmt":"2018-07-18T17:50:24","guid":{"rendered":"https:\/\/physiovolksdorf.wordpress.com\/?page_id=576"},"modified":"2024-02-11T19:04:32","modified_gmt":"2024-02-11T19:04:32","slug":"krankengymnastik","status":"publish","type":"page","link":"https:\/\/xn--bachblten-hamburg-72b.de\/?page_id=765","title":{"rendered":"Krankengymnastik"},"content":{"rendered":"<p>Ich bin spezialisiert auf folgende krankengymnastische \u00dcbungsbehandlungen :<\/p>\n<ul>\n<li>chronische oder akute Gelenkbeschwerden von Kopf bis Fu\u00df<\/li>\n<li>Nachbehandlung von Verletzungen und Br\u00fcchen<\/li>\n<li>Nachsorge nach Gelenkersatz<\/li>\n<li>R\u00fcckbildung nach Geburten<\/li>\n<li>Beckenbodentraining f\u00fcr M\u00e4nner und Frauen<\/li>\n<li>Kiefergelenksbehandlungen<\/li>\n<\/ul>\n","protected":false},"excerpt":{"rendered":"<p>Ich bin spezialisiert auf folgende krankengymnastische \u00dcbungsbehandlungen : chronische oder akute Gelenkbeschwerden von Kopf bis Fu\u00df Nachbehandlung von Verletzungen und Br\u00fcchen Nachsorge nach Gelenkersatz R\u00fcckbildung nach Geburten Beckenbodentraining f\u00fcr M\u00e4nner und Frauen Kiefergelenksbehandlungen<\/p>\n","protected":false},"author":1,"featured_media":0,"parent":792,"menu_order":0,"comment_status":"closed","ping_status":"closed","template":"","meta":{"footnotes":""},"_links":{"self":[{"href":"https:\/\/xn--bachblten-hamburg-72b.de\/index.php?rest_route=\/wp\/v2\/pages\/765"}],"collection":[{"href":"https:\/\/xn--bachblten-hamburg-72b.de\/index.php?rest_route=\/wp\/v2\/pages"}],"about":[{"href":"https:\/\/xn--bachblten-hamburg-72b.de\/index.php?rest_route=\/wp\/v2\/types\/page"}],"author":[{"embeddable":true,"href":"https:\/\/xn--bachblten-hamburg-72b.de\/index.php?rest_route=\/wp\/v2\/users\/1"}],"replies":[{"embeddable":true,"href":"https:\/\/xn--bachblten-hamburg-72b.de\/index.php?rest_route=%2Fwp%2Fv2%2Fcomments&post=765"}],"version-history":[{"count":5,"href":"https:\/\/xn--bachblten-hamburg-72b.de\/index.php?rest_route=\/wp\/v2\/pages\/765\/revisions"}],"predecessor-version":[{"id":1902,"href":"https:\/\/xn--bachblten-hamburg-72b.de\/index.php?rest_route=\/wp\/v2\/pages\/765\/revisions\/1902"}],"up":[{"embeddable":true,"href":"https:\/\/xn--bachblten-hamburg-72b.de\/index.php?rest_route=\/wp\/v2\/pages\/792"}],"wp:attachment":[{"href":"https:\/\/xn--bachblten-hamburg-72b.de\/index.php?rest_route=%2Fwp%2Fv2%2Fmedia&parent=765"}],"curies":[{"name":"wp","href":"https:\/\/api.w.org\/{rel}","templated":true}]}}