{"id":769,"date":"2018-07-18T17:53:39","date_gmt":"2018-07-18T17:53:39","guid":{"rendered":"https:\/\/physiovolksdorf.wordpress.com\/?page_id=636"},"modified":"2024-02-11T19:56:18","modified_gmt":"2024-02-11T19:56:18","slug":"waermetherapie","status":"publish","type":"page","link":"https:\/\/xn--bachblten-hamburg-72b.de\/?page_id=769","title":{"rendered":"W\u00e4rmetherapie"},"content":{"rendered":"<p><strong>Wohlige W\u00e4rme sp\u00fcren&#8230;&#8230;&#8230;<\/strong><\/p>\n<p>Durch W\u00e4rmeanwendungen schmelzen Verspannungen dahin, wird der Stoffwechsel angeregt und schmerzhaft festsitzende Schlacken werden abtransportiert.<\/p>\n<p>Genie\u00dfen Sie eine Heisse Rolle , die Kombination aus W\u00e4rmeanwendung mittels feuchter W\u00e4rme und Massage.<\/p>\n","protected":false},"excerpt":{"rendered":"<p>Wohlige W\u00e4rme sp\u00fcren&#8230;&#8230;&#8230; Durch W\u00e4rmeanwendungen schmelzen Verspannungen dahin, wird der Stoffwechsel angeregt und schmerzhaft festsitzende Schlacken werden abtransportiert. Genie\u00dfen Sie eine Heisse Rolle , die Kombination aus W\u00e4rmeanwendung mittels feuchter W\u00e4rme und Massage.<\/p>\n","protected":false},"author":1,"featured_media":0,"parent":792,"menu_order":0,"comment_status":"closed","ping_status":"closed","template":"","meta":{"footnotes":""},"_links":{"self":[{"href":"https:\/\/xn--bachblten-hamburg-72b.de\/index.php?rest_route=\/wp\/v2\/pages\/769"}],"collection":[{"href":"https:\/\/xn--bachblten-hamburg-72b.de\/index.php?rest_route=\/wp\/v2\/pages"}],"about":[{"href":"https:\/\/xn--bachblten-hamburg-72b.de\/index.php?rest_route=\/wp\/v2\/types\/page"}],"author":[{"embeddable":true,"href":"https:\/\/xn--bachblten-hamburg-72b.de\/index.php?rest_route=\/wp\/v2\/users\/1"}],"replies":[{"embeddable":true,"href":"https:\/\/xn--bachblten-hamburg-72b.de\/index.php?rest_route=%2Fwp%2Fv2%2Fcomments&post=769"}],"version-history":[{"count":4,"href":"https:\/\/xn--bachblten-hamburg-72b.de\/index.php?rest_route=\/wp\/v2\/pages\/769\/revisions"}],"predecessor-version":[{"id":1910,"href":"https:\/\/xn--bachblten-hamburg-72b.de\/index.php?rest_route=\/wp\/v2\/pages\/769\/revisions\/1910"}],"up":[{"embeddable":true,"href":"https:\/\/xn--bachblten-hamburg-72b.de\/index.php?rest_route=\/wp\/v2\/pages\/792"}],"wp:attachment":[{"href":"https:\/\/xn--bachblten-hamburg-72b.de\/index.php?rest_route=%2Fwp%2Fv2%2Fmedia&parent=769"}],"curies":[{"name":"wp","href":"https:\/\/api.w.org\/{rel}","templated":true}]}}