{"id":783,"date":"2018-07-18T17:46:20","date_gmt":"2018-07-18T17:46:20","guid":{"rendered":"http:\/\/xn--bachblten-hamburg-72b.de\/?page_id=783"},"modified":"2025-01-01T21:05:36","modified_gmt":"2025-01-01T21:05:36","slug":"ueber","status":"publish","type":"page","link":"https:\/\/xn--bachblten-hamburg-72b.de\/?page_id=783","title":{"rendered":"\u00dcber"},"content":{"rendered":"<p style=\"text-align: left;\"><span style=\"color: #333333; font-size: 1rem;\">Gepr\u00e4gt durch einen jahrzehntelangen\u00a0<\/span><span class=\"Stil3\" style=\"color: #333333; font-size: 1rem;\"><strong>Erfahrungsschatz<\/strong><\/span><span style=\"color: #333333; font-size: 1rem;\"> als Physiotherapeutin zeige ich Ihnen gerne neue\u00a0 Wege auf im Umgang mit Ihrem <\/span><span class=\"Stil3\" style=\"color: #333333; font-size: 1rem;\">K\u00f6rper<\/span><span style=\"color: #333333; font-size: 1rem;\">.<\/span><\/p>\n<p style=\"text-align: left;\">Denn Leben ist\u00a0<span class=\"Stil2\"><strong>Bewegung <\/strong>und ein gesunder und gut funktionierender <\/span>K\u00f6rper bringt uns viel\u00a0 <span class=\"Stil3\"><strong>Lebensfreude<\/strong>.<\/span><\/p>\n<p style=\"text-align: left;\"><span class=\"Stil3\">Ich unterst\u00fctze Sie gerne darin, Ihre <strong>Selbstheilungskr\u00e4fte<\/strong> anzuregen.<\/span><\/p>\n<p style=\"text-align: left;\"><span class=\"Stil3\">&#8222;Sei gut zu Deinem K\u00f6rper,<br \/>\ndamit Deine Seele Lust hat darin zu wohnen&#8220;\u00a0 \u00a0 \u00a0 <\/span>Theresa von Avila<\/p>\n<p style=\"text-align: left;\">Wobei ben\u00f6tigen Sie<strong> Hilfe<\/strong> und was m\u00f6chten Sie gerne <strong>erreichen<\/strong>?<\/p>\n<p style=\"text-align: left;\"><strong>Bitte schauen Sie in mein Behandlungsspektrum!<\/strong><\/p>\n","protected":false},"excerpt":{"rendered":"<p>Gepr\u00e4gt durch einen jahrzehntelangen\u00a0Erfahrungsschatz als Physiotherapeutin zeige ich Ihnen gerne neue\u00a0 Wege auf im Umgang mit Ihrem K\u00f6rper. Denn Leben ist\u00a0Bewegung und ein gesunder und gut funktionierender K\u00f6rper bringt uns viel\u00a0 Lebensfreude. Ich unterst\u00fctze Sie gerne darin, Ihre Selbstheilungskr\u00e4fte anzuregen. &#8222;Sei gut zu Deinem K\u00f6rper, damit Deine Seele Lust hat darin zu wohnen&#8220;\u00a0 \u00a0 \u00a0 &hellip; <\/p>\n<p class=\"link-more\"><a href=\"https:\/\/xn--bachblten-hamburg-72b.de\/?page_id=783\" class=\"more-link\"><span class=\"screen-reader-text\">\u201e\u00dcber\u201c<\/span> weiterlesen<\/a><\/p>\n","protected":false},"author":1,"featured_media":717,"parent":0,"menu_order":0,"comment_status":"closed","ping_status":"closed","template":"","meta":{"footnotes":""},"_links":{"self":[{"href":"https:\/\/xn--bachblten-hamburg-72b.de\/index.php?rest_route=\/wp\/v2\/pages\/783"}],"collection":[{"href":"https:\/\/xn--bachblten-hamburg-72b.de\/index.php?rest_route=\/wp\/v2\/pages"}],"about":[{"href":"https:\/\/xn--bachblten-hamburg-72b.de\/index.php?rest_route=\/wp\/v2\/types\/page"}],"author":[{"embeddable":true,"href":"https:\/\/xn--bachblten-hamburg-72b.de\/index.php?rest_route=\/wp\/v2\/users\/1"}],"replies":[{"embeddable":true,"href":"https:\/\/xn--bachblten-hamburg-72b.de\/index.php?rest_route=%2Fwp%2Fv2%2Fcomments&post=783"}],"version-history":[{"count":24,"href":"https:\/\/xn--bachblten-hamburg-72b.de\/index.php?rest_route=\/wp\/v2\/pages\/783\/revisions"}],"predecessor-version":[{"id":1982,"href":"https:\/\/xn--bachblten-hamburg-72b.de\/index.php?rest_route=\/wp\/v2\/pages\/783\/revisions\/1982"}],"wp:featuredmedia":[{"embeddable":true,"href":"https:\/\/xn--bachblten-hamburg-72b.de\/index.php?rest_route=\/wp\/v2\/media\/717"}],"wp:attachment":[{"href":"https:\/\/xn--bachblten-hamburg-72b.de\/index.php?rest_route=%2Fwp%2Fv2%2Fmedia&parent=783"}],"curies":[{"name":"wp","href":"https:\/\/api.w.org\/{rel}","templated":true}]}}