{"id":788,"date":"2018-07-18T17:48:37","date_gmt":"2018-07-18T17:48:37","guid":{"rendered":"http:\/\/xn--bachblten-hamburg-72b.de\/?page_id=788"},"modified":"2024-11-27T10:53:50","modified_gmt":"2024-11-27T10:53:50","slug":"impressum-1","status":"publish","type":"page","link":"https:\/\/xn--bachblten-hamburg-72b.de\/?page_id=788","title":{"rendered":"Impressum"},"content":{"rendered":"<div id=\"body\">\n<table border=\"0\" width=\"700\">\n<tbody>\n<tr>\n<td colspan=\"2\"><b>Dies ist der Webauftritt der Physiotherapeutin Kerstin Kaufmann-Yu.<\/b><\/td>\n<\/tr>\n<tr>\n<td><b>Postanschrift:<\/b><br \/>\nKerstin Kaufmann-Yu<br \/>\nImmenschuur 9a<br \/>\n22359 Hamburg<br \/>\nMobil: 0175 &#8211; 4511 564<strong>\u00a0<\/strong><strong>e-mail:<br \/>\n<\/strong>k.kaufmann-yu@gmx.de<\/td>\n<td><\/td>\n<\/tr>\n<tr>\n<td colspan=\"2\"><b>Haftungsausschluss:<\/b><br \/>\nIch habe auf den Seiten dieser Website Links zu anderen Seiten im Internet gelegt. F\u00fcr all diese Links gilt: Ich m\u00f6chte ausdr\u00fccklich betonen, dass ich keinerlei Einfluss auf die Gestaltung und die Inhalte der gelinkten Seiten haben. Deshalb distanziere ich mich hiermit ausdr\u00fccklich von allen Inhalten aller gelinkten Seiten auf dieser Website und mache mir ihre Inhalte nicht zu eigen.\u00a9 2020 Kerstin Kaufmann-Yu. Alle hier erschienenen Beitr\u00e4ge sind urheberrechtlich gesch\u00fctzt. Des Weiteren und im Detail\u00a0 gilt:<span style=\"font-family: inherit; font-size: inherit;\">Quelle: <\/span><i style=\"font-family: inherit; font-size: inherit;\">Impressumgenerator von\u00a0<a href=\"http:\/\/www.e-recht24.de\/\">http:\/\/www.e-recht24.de\/<\/a><\/i><strong style=\"font-family: inherit; font-size: inherit;\">Haftung f\u00fcr Inhalte:\u00a0 <\/strong><span style=\"font-family: inherit; font-size: inherit;\">Die Inhalte unserer Seiten wurden mit gr\u00f6\u00dfter Sorgfalt erstellt. F\u00fcr die Richtigkeit, Vollst\u00e4ndigkeit und Aktualit\u00e4t der Inhalte k\u00f6nnen wir jedoch keine Gew\u00e4hr \u00fcbernehmen. Als Diensteanbieter sind wir gem\u00e4\u00df \u00a7 7 Abs.1 TMG f\u00fcr eigene Inhalte auf diesen Seiten nach den allgemeinen Gesetzen verantwortlich. Nach \u00a7\u00a7 8 bis 10 TMG sind wir als Diensteanbieter jedoch nicht verpflichtet, \u00fcbermittelte oder gespeicherte fremde Informationen zu \u00fcberwachen oder nach Umst\u00e4nden zu forschen, die auf eine rechtswidrige T\u00e4tigkeit hinweisen. Verpflichtungen zur Entfernung oder Sperrung der Nutzung von Informationen nach den allgemeinen Gesetzen bleiben hiervon unber\u00fchrt. Eine diesbez\u00fcgliche Haftung ist jedoch erst ab dem Zeitpunkt der Kenntnis einer konkreten Rechtsverletzung m\u00f6glich. Bei Bekanntwerden von entsprechenden Rechtsverletzungen werden wir diese Inhalte umgehend entfernen.<\/span><strong style=\"font-family: inherit; font-size: inherit;\">Haftung f\u00fcr Links:\u00a0<\/strong><span style=\"font-family: inherit; font-size: inherit;\">Unser Angebot enth\u00e4lt Links zu externen Webseiten Dritter, auf deren Inhalte wir keinen Einfluss haben. Deshalb k\u00f6nnen wir f\u00fcr diese fremden Inhalte auch keine Gew\u00e4hr \u00fcbernehmen. F\u00fcr die Inhalte der verlinkten Seiten ist stets der jeweilige Anbieter oder Betreiber der Seiten verantwortlich. Die verlinkten Seiten wurden zum Zeitpunkt der Verlinkung auf m\u00f6gliche Rechtsverst\u00f6\u00dfe \u00fcberpr\u00fcft. Rechtswidrige Inhalte waren zum Zeitpunkt der Verlinkung nicht erkennbar. Eine permanente inhaltliche Kontrolle der verlinkten Seiten ist jedoch ohne konkrete Anhaltspunkte einer Rechtsverletzung nicht zumutbar. Bei Bekanntwerden von Rechtsverletzungen werden wir derartige Links umgehend entfernen.<\/span><\/p>\n<div id=\"page\" class=\"hfeed site\">\n<div id=\"main\" class=\"wrapper\">\n<div id=\"primary\" class=\"site-content\">\n<div id=\"content\" role=\"main\">\n<article id=\"post-35\" class=\"post-35 page type-page status-publish hentry\">\n<div class=\"entry-content\">\n<p><strong>Urheberrecht:\u00a0<\/strong>Die durch die Seitenbetreiber erstellten Inhalte und Werke auf diesen Seiten unterliegen dem deutschen Urheberrecht. Die Vervielf\u00e4ltigung, Bearbeitung, Verbreitung und jede Art der Verwertung au\u00dferhalb der Grenzen des Urheberrechtes bed\u00fcrfen der schriftlichen Zustimmung des jeweiligen Autors bzw. Erstellers. Downloads und Kopien dieser Seite sind nur f\u00fcr den privaten, nicht kommerziellen Gebrauch gestattet. Soweit die Inhalte auf dieser Seite nicht vom Betreiber erstellt wurden, werden die Urheberrechte Dritter beachtet. Insbesondere werden Inhalte Dritter als solche gekennzeichnet. Sollten Sie trotzdem auf eine Urheberrechtsverletzung aufmerksam werden, bitten wir um einen entsprechenden Hinweis. Bei Bekanntwerden von Rechtsverletzungen werden wir derartige Inhalte umgehend entfernen.<\/p>\n<p><strong>Datenschutz:\u00a0<\/strong>Die Nutzung unserer Webseite ist in der Regel ohne Angabe personenbezogener Daten m\u00f6glich. Soweit auf unseren Seiten personenbezogene Daten (beispielsweise Name, Anschrift oder eMail-Adressen) erhoben werden, erfolgt dies, soweit m\u00f6glich, stets auf freiwilliger Basis. Diese Daten werden ohne Ihre ausdr\u00fcckliche Zustimmung nicht an Dritte weitergegeben.<\/p>\n<p>Wir weisen darauf hin, dass die Daten\u00fcbertragung im Internet (z.B. bei der Kommunikation per E-Mail) Sicherheitsl\u00fccken aufweisen kann. Ein l\u00fcckenloser Schutz der Daten vor dem Zugriff durch Dritte ist nicht m\u00f6glich.<\/p>\n<p>Der Nutzung von im Rahmen der Impressumspflicht ver\u00f6ffentlichten Kontaktdaten durch Dritte zur \u00dcbersendung von nicht ausdr\u00fccklich angeforderter Werbung und Informationsmaterialien wird hiermit ausdr\u00fccklich widersprochen. Die Betreiber der Seiten behalten sich ausdr\u00fccklich rechtliche Schritte im Falle der unverlangten Zusendung von Werbeinformationen, etwa durch Spam-Mails, vor.<\/p>\n<p><strong>Datenschutzerkl\u00e4rung f\u00fcr die Nutzung von WordPress Analytics<\/strong><br \/>\nDiese Website benutzt WordPress.com-Stats, ein Tool zur statistischen Auswertung der Besucherzugriffe, betrieben von Automattic Inc., 60 29th Street #343, San Francisco, CA 94110-4929, USA, unter Einsatz der Trackingtechnologie von Quantcast Inc., 201 3rd St, Floor 2, San Francisco, CA 94103-3153, USA. WordPress.com-Stats verwendet sog. \u201cCookies\u201d, Textdateien, die auf Ihrem Computer gespeichert werden und die eine Analyse der Benutzung der Website durch Sie erm\u00f6glichen. Die durch den Cookie erzeugten Informationen \u00fcber Ihre Benutzung dieses Internetangebotes werden auf einem Server in den USA gespeichert. Die IP-Adresse wird sofort nach der Verarbeitung und vor deren Speicherung anonymisiert. Sie k\u00f6nnen die Installation der Cookies durch eine entsprechende Einstellung Ihrer Browser-Software verhindern; wir weisen Sie jedoch darauf hin, dass Sie in diesem Fall gegebenenfalls nicht s\u00e4mtliche Funktionen dieser Website vollumf\u00e4nglich nutzen k\u00f6nnen. Sie k\u00f6nnen der Erhebung und Nutzung der Daten durch Quantcast mit Wirkung f\u00fcr die Zukunft widersprechen, indem Sie an dieser Stelle durch einen Klick auf den Link \u201cClick here to opt-out\u201d ein Opt-Out-Cookie in Ihrem Browser setzen: http:\/\/www.quantcast.com\/opt-out. Sollten Sie alle Cookies auf Ihrem Rechner l\u00f6schen, m\u00fcssen Sie das Opt-Out-Cookie erneut setzen.<\/p>\n<p><strong>Datenschutzerkl\u00e4rung f\u00fcr die Nutzung von Google Analytics<\/strong><\/p>\n<p>Diese Website benutzt Google Analytics, einen Webanalysedienst der Google Inc. (\u201cGoogle\u201d). Google Analytics verwendet sog. \u201cCookies\u201d, Textdateien, die auf Ihrem Computer gespeichert werden und die eine Analyse der Benutzung der Website durch Sie erm\u00f6glichen. Die durch den Cookie erzeugten Informationen \u00fcber Ihre Benutzung dieser Website werden in der Regel an einen Server von Google in den USA \u00fcbertragen und dort gespeichert. Im Falle der Aktivierung der IP-Anonymisierung auf dieser Webseite wird Ihre IP-Adresse von Google jedoch innerhalb von Mitgliedstaaten der Europ\u00e4ischen Union oder in anderen Vertragsstaaten des Abkommens \u00fcber den Europ\u00e4ischen Wirtschaftsraum zuvor gek\u00fcrzt.<\/p>\n<p>Nur in Ausnahmef\u00e4llen wird die volle IP-Adresse an einen Server von Google in den USA \u00fcbertragen und dort gek\u00fcrzt. Im Auftrag des Betreibers dieser Website wird Google diese Informationen benutzen, um Ihre Nutzung der Website auszuwerten, um Reports \u00fcber die Websiteaktivit\u00e4ten zusammenzustellen und um weitere mit der Websitenutzung und der Internetnutzung verbundene Dienstleistungen gegen\u00fcber dem Websitebetreiber zu erbringen. Die im Rahmen von Google Analytics von Ihrem Browser \u00fcbermittelte IP-Adresse wird nicht mit anderen Daten von Google zusammengef\u00fchrt.<\/p>\n<p>Sie k\u00f6nnen die Speicherung der Cookies durch eine entsprechende Einstellung Ihrer Browser-Software verhindern; wir weisen Sie jedoch darauf hin, dass Sie in diesem Fall gegebenenfalls nicht s\u00e4mtliche Funktionen dieser Website vollumf\u00e4nglich werden nutzen k\u00f6nnen. Sie k\u00f6nnen dar\u00fcber hinaus die Erfassung der durch das Cookie erzeugten und auf Ihre Nutzung der Website bezogenen Daten (inkl. Ihrer IP-Adresse) an Google sowie die Verarbeitung dieser Daten durch Google verhindern, indem sie das unter dem folgenden Link verf\u00fcgbare Browser-Plugin herunterladen und installieren:\u00a0<a href=\"http:\/\/tools.google.com\/dlpage\/gaoptout?hl=de\">http:\/\/tools.google.com\/dlpage\/gaoptout?hl=de<\/a>.<\/p>\n<p><i>Quellverweis:\u00a0<a href=\"http:\/\/www.e-recht24.de\/muster-disclaimer.htm\" target=\"_blank\" rel=\"noopener noreferrer\">Disclaimer<\/a>\u00a0von eRecht24, dem Portal zum Internetrecht von Rechtsanwalt S\u00f6ren Siebert,\u00a0<a href=\"http:\/\/www.google.com\/intl\/de\/analytics\/privacyoverview.html\" target=\"_blank\" rel=\"noopener noreferrer\">Datenschutzerkl\u00e4rung Google Analytics<\/a><\/i><\/p>\n<\/div>\n<footer class=\"entry-meta\"><\/footer>\n<\/article>\n<div id=\"comments\" class=\"comments-area\"><\/div>\n<\/div>\n<\/div>\n<\/div>\n<footer id=\"colophon\" role=\"contentinfo\">\n<div class=\"site-info\"><\/div>\n<\/footer>\n<\/div>\n<div>\n<div class=\"grecaptcha-badge\" data-style=\"bottomright\"><\/div>\n<\/div>\n<p>&nbsp;<\/td>\n<\/tr>\n<\/tbody>\n<\/table>\n<\/div>\n","protected":false},"excerpt":{"rendered":"<p>Dies ist der Webauftritt der Physiotherapeutin Kerstin Kaufmann-Yu. Postanschrift: Kerstin Kaufmann-Yu Immenschuur 9a 22359 Hamburg Mobil: 0175 &#8211; 4511 564\u00a0e-mail: k.kaufmann-yu@gmx.de Haftungsausschluss: Ich habe auf den Seiten dieser Website Links zu anderen Seiten im Internet gelegt. F\u00fcr all diese Links gilt: Ich m\u00f6chte ausdr\u00fccklich betonen, dass ich keinerlei Einfluss auf die Gestaltung und die Inhalte &hellip; <\/p>\n<p class=\"link-more\"><a href=\"https:\/\/xn--bachblten-hamburg-72b.de\/?page_id=788\" class=\"more-link\"><span class=\"screen-reader-text\">\u201eImpressum\u201c<\/span> weiterlesen<\/a><\/p>\n","protected":false},"author":1,"featured_media":0,"parent":0,"menu_order":0,"comment_status":"closed","ping_status":"closed","template":"","meta":{"footnotes":""},"_links":{"self":[{"href":"https:\/\/xn--bachblten-hamburg-72b.de\/index.php?rest_route=\/wp\/v2\/pages\/788"}],"collection":[{"href":"https:\/\/xn--bachblten-hamburg-72b.de\/index.php?rest_route=\/wp\/v2\/pages"}],"about":[{"href":"https:\/\/xn--bachblten-hamburg-72b.de\/index.php?rest_route=\/wp\/v2\/types\/page"}],"author":[{"embeddable":true,"href":"https:\/\/xn--bachblten-hamburg-72b.de\/index.php?rest_route=\/wp\/v2\/users\/1"}],"replies":[{"embeddable":true,"href":"https:\/\/xn--bachblten-hamburg-72b.de\/index.php?rest_route=%2Fwp%2Fv2%2Fcomments&post=788"}],"version-history":[{"count":25,"href":"https:\/\/xn--bachblten-hamburg-72b.de\/index.php?rest_route=\/wp\/v2\/pages\/788\/revisions"}],"predecessor-version":[{"id":1746,"href":"https:\/\/xn--bachblten-hamburg-72b.de\/index.php?rest_route=\/wp\/v2\/pages\/788\/revisions\/1746"}],"wp:attachment":[{"href":"https:\/\/xn--bachblten-hamburg-72b.de\/index.php?rest_route=%2Fwp%2Fv2%2Fmedia&parent=788"}],"curies":[{"name":"wp","href":"https:\/\/api.w.org\/{rel}","templated":true}]}}