{"id":792,"date":"2018-07-18T17:49:48","date_gmt":"2018-07-18T17:49:48","guid":{"rendered":"http:\/\/xn--bachblten-hamburg-72b.de\/?page_id=792"},"modified":"2025-03-25T14:58:25","modified_gmt":"2025-03-25T14:58:25","slug":"behandlungsspektrum","status":"publish","type":"page","link":"https:\/\/xn--bachblten-hamburg-72b.de\/?page_id=792","title":{"rendered":"Behandlungsspektrum"},"content":{"rendered":"<h1><strong>Physiotherapie<\/strong><\/h1>\n<p>Alle\u00a0 hier aufgef\u00fchrten Leistungen sind\u00a0 ausschlie\u00dflich verf\u00fcgbar f\u00fcr Selbstzahler<\/p>\n<p>und Privatpatienten mit \u00e4rztlicher Verordnung<\/p>\n<ul>\n<li>Bewegungs- und Haltungsanalyse (<a href=\"http:\/\/xn--bachblten-hamburg-72b.de\/?page_id=850\">mehr erfahren)<\/a><\/li>\n<li>Krankengymnastik (<a href=\"http:\/\/xn--bachblten-hamburg-72b.de\/?page_id=765\">mehr erfahren)<\/a><\/li>\n<li>Gangschulung (<a href=\"http:\/\/xn--bachblten-hamburg-72b.de\/?page_id=853\">mehr erfahren)<\/a><\/li>\n<li>Manuelle Therapie (<a href=\"http:\/\/xn--bachblten-hamburg-72b.de\/?page_id=865\">mehr erfahren<\/a>)<\/li>\n<li>W\u00e4rmetherapie <a href=\"http:\/\/xn--bachblten-hamburg-72b.de\/?page_id=769\">(mehr erfahren)<\/a><\/li>\n<li>Beckenbodentraining (<a href=\"http:\/\/xn--bachblten-hamburg-72b.de\/?page_id=870\">mehr erfahren)<\/a><\/li>\n<li>Qigong <a href=\"http:\/\/xn--bachblten-hamburg-72b.de\/?page_id=877\">(mehr erfahren<\/a>)<\/li>\n<li>Craniosakrale Therapie (<a href=\"http:\/\/xn--bachblten-hamburg-72b.de\/?page_id=880\">mehr erfahren)<\/a><\/li>\n<li>silent\u2022touch Behandlung <a href=\"http:\/\/xn--bachblten-hamburg-72b.de\/?page_id=882\">(mehr erfahren)<\/a><\/li>\n<li>PNT Schmerztherapie nach Dr. Stephan Kaufman\u00a0\u00a0<a href=\"http:\/\/www.painneutralization.com\/\">http:\/\/www.painneutralization.com\/<\/a><\/li>\n<li>Wellness- und Entspannungsmassagen (<a href=\"http:\/\/xn--bachblten-hamburg-72b.de\/?page_id=931\">mehr erfahren)<\/a><\/li>\n<li>Bachbl\u00fctentherapie<\/li>\n<\/ul>\n<p>&nbsp;<\/p>\n<ul>\n<li><strong style=\"font-size: 1.5rem;\"><img loading=\"lazy\" decoding=\"async\" class=\"alignnone size-full wp-image-1023\" src=\"http:\/\/xn--bachblten-hamburg-72b.de\/wp-content\/uploads\/2018\/08\/35.jpg\" alt=\"\" width=\"3264\" height=\"2448\" srcset=\"https:\/\/xn--bachblten-hamburg-72b.de\/wp-content\/uploads\/2018\/08\/35.jpg 3264w, https:\/\/xn--bachblten-hamburg-72b.de\/wp-content\/uploads\/2018\/08\/35-300x225.jpg 300w, https:\/\/xn--bachblten-hamburg-72b.de\/wp-content\/uploads\/2018\/08\/35-768x576.jpg 768w, https:\/\/xn--bachblten-hamburg-72b.de\/wp-content\/uploads\/2018\/08\/35-1024x768.jpg 1024w\" sizes=\"(max-width: 767px) 89vw, (max-width: 1000px) 54vw, (max-width: 1071px) 543px, 580px\" \/>Original Bach-Bl\u00fctentherapie<\/strong><\/li>\n<\/ul>\n<p><strong>Bachbl\u00fcten sind reine Naturheilmittel<\/strong><\/p>\n<p><strong>Bachbl\u00fcten helfen uns<\/strong><\/p>\n<ul>\n<li>mit den Anforderungen unseres Alltags und unserer Zeit leichter umzugehen.<\/li>\n<li>seelisch in Balance zu bleiben oder wieder hineinzufinden.<\/li>\n<li>gl\u00fccklicher und ges\u00fcnder zu leben.<\/li>\n<\/ul>\n<p><strong>\u00a0<\/strong><\/p>\n<p><strong>Bachbl\u00fcten st\u00e4rken<\/strong><\/p>\n<ul>\n<li>unsere Selbstheilungskr\u00e4fte und damit unsere Gesundheit.<\/li>\n<li>unsere Intuition und unsere Talente.<\/li>\n<\/ul>\n<p>(<a href=\"http:\/\/xn--bachblten-hamburg-72b.de\/?page_id=888\">mehr erfahren)<\/a><\/p>\n<hr \/>\n<p>&nbsp;<\/p>\n","protected":false},"excerpt":{"rendered":"<p>Physiotherapie Alle\u00a0 hier aufgef\u00fchrten Leistungen sind\u00a0 ausschlie\u00dflich verf\u00fcgbar f\u00fcr Selbstzahler und Privatpatienten mit \u00e4rztlicher Verordnung Bewegungs- und Haltungsanalyse (mehr erfahren) Krankengymnastik (mehr erfahren) Gangschulung (mehr erfahren) Manuelle Therapie (mehr erfahren) W\u00e4rmetherapie (mehr erfahren) Beckenbodentraining (mehr erfahren) Qigong (mehr erfahren) Craniosakrale Therapie (mehr erfahren) silent\u2022touch Behandlung (mehr erfahren) PNT Schmerztherapie nach Dr. Stephan Kaufman\u00a0\u00a0http:\/\/www.painneutralization.com\/ Wellness- und &hellip; <\/p>\n<p class=\"link-more\"><a href=\"https:\/\/xn--bachblten-hamburg-72b.de\/?page_id=792\" class=\"more-link\"><span class=\"screen-reader-text\">\u201eBehandlungsspektrum\u201c<\/span> weiterlesen<\/a><\/p>\n","protected":false},"author":1,"featured_media":718,"parent":0,"menu_order":0,"comment_status":"closed","ping_status":"closed","template":"","meta":{"footnotes":""},"_links":{"self":[{"href":"https:\/\/xn--bachblten-hamburg-72b.de\/index.php?rest_route=\/wp\/v2\/pages\/792"}],"collection":[{"href":"https:\/\/xn--bachblten-hamburg-72b.de\/index.php?rest_route=\/wp\/v2\/pages"}],"about":[{"href":"https:\/\/xn--bachblten-hamburg-72b.de\/index.php?rest_route=\/wp\/v2\/types\/page"}],"author":[{"embeddable":true,"href":"https:\/\/xn--bachblten-hamburg-72b.de\/index.php?rest_route=\/wp\/v2\/users\/1"}],"replies":[{"embeddable":true,"href":"https:\/\/xn--bachblten-hamburg-72b.de\/index.php?rest_route=%2Fwp%2Fv2%2Fcomments&post=792"}],"version-history":[{"count":49,"href":"https:\/\/xn--bachblten-hamburg-72b.de\/index.php?rest_route=\/wp\/v2\/pages\/792\/revisions"}],"predecessor-version":[{"id":1988,"href":"https:\/\/xn--bachblten-hamburg-72b.de\/index.php?rest_route=\/wp\/v2\/pages\/792\/revisions\/1988"}],"wp:featuredmedia":[{"embeddable":true,"href":"https:\/\/xn--bachblten-hamburg-72b.de\/index.php?rest_route=\/wp\/v2\/media\/718"}],"wp:attachment":[{"href":"https:\/\/xn--bachblten-hamburg-72b.de\/index.php?rest_route=%2Fwp%2Fv2%2Fmedia&parent=792"}],"curies":[{"name":"wp","href":"https:\/\/api.w.org\/{rel}","templated":true}]}}