{"id":794,"date":"2018-07-18T17:50:05","date_gmt":"2018-07-18T17:50:05","guid":{"rendered":"http:\/\/xn--bachblten-hamburg-72b.de\/?page_id=794"},"modified":"2026-04-13T17:21:31","modified_gmt":"2026-04-13T17:21:31","slug":"aktuelle-kurse","status":"publish","type":"page","link":"https:\/\/xn--bachblten-hamburg-72b.de\/?page_id=794","title":{"rendered":"Aktuelle Veranstaltungen"},"content":{"rendered":"<h1 style=\"text-align: center;\"><\/h1>\n<p style=\"text-align: center;\"><strong style=\"font-size: 1.5rem;\">Qigong\u00a0<\/strong><\/p>\n<p style=\"text-align: center;\"><span style=\"font-size: 1rem;\">Saisonauftakt im Katthorst Park<\/span><\/p>\n<p style=\"text-align: center;\"><span style=\"font-size: 1rem;\">17.04.2026<\/span><\/p>\n<p style=\"text-align: center;\"><span style=\"font-size: 1rem;\">Freitag 10.00-11.15 Uhr<\/span><\/p>\n<div>\n<p style=\"text-align: center;\">Teilnahmegeb\u00fchr 65 EUR f\u00fcr 5 \u00dcbungseinheiten fortlaufend<\/p>\n<p style=\"text-align: center;\">\u00a0Einstieg jederzeit m\u00f6glich, Probestunde 10,-\u20ac<\/p>\n<p><img loading=\"lazy\" decoding=\"async\" class=\"alignnone size-medium wp-image-1774 aligncenter\" src=\"http:\/\/xn--bachblten-hamburg-72b.de\/wp-content\/uploads\/2023\/02\/IMG_1089-2-198x300.jpg\" alt=\"\" width=\"198\" height=\"300\" srcset=\"https:\/\/xn--bachblten-hamburg-72b.de\/wp-content\/uploads\/2023\/02\/IMG_1089-2-198x300.jpg 198w, https:\/\/xn--bachblten-hamburg-72b.de\/wp-content\/uploads\/2023\/02\/IMG_1089-2.jpg 648w\" sizes=\"(max-width: 198px) 100vw, 198px\" \/><\/p>\n<p><strong style=\"font-size: 1rem;\">Anmeldung :<\/strong><\/p>\n<\/div>\n<p>Telefonisch unter 0175-4511 564 bei Kerstin Kaufmann-Yu<\/p>\n<p>per E-Mail :\u00a0 k.kaufmann-yu@gmx.de<\/p>\n<p>oder \u00fcber das Kontaktformular auf dieser Webseite.<\/p>\n<p>&nbsp;<\/p>\n<p>&nbsp;<\/p>\n","protected":false},"excerpt":{"rendered":"<p>Qigong\u00a0 Saisonauftakt im Katthorst Park 17.04.2026 Freitag 10.00-11.15 Uhr Teilnahmegeb\u00fchr 65 EUR f\u00fcr 5 \u00dcbungseinheiten fortlaufend \u00a0Einstieg jederzeit m\u00f6glich, Probestunde 10,-\u20ac Anmeldung : Telefonisch unter 0175-4511 564 bei Kerstin Kaufmann-Yu per E-Mail :\u00a0 k.kaufmann-yu@gmx.de oder \u00fcber das Kontaktformular auf dieser Webseite. &nbsp; &nbsp;<\/p>\n","protected":false},"author":1,"featured_media":717,"parent":0,"menu_order":0,"comment_status":"closed","ping_status":"closed","template":"","meta":{"footnotes":""},"_links":{"self":[{"href":"https:\/\/xn--bachblten-hamburg-72b.de\/index.php?rest_route=\/wp\/v2\/pages\/794"}],"collection":[{"href":"https:\/\/xn--bachblten-hamburg-72b.de\/index.php?rest_route=\/wp\/v2\/pages"}],"about":[{"href":"https:\/\/xn--bachblten-hamburg-72b.de\/index.php?rest_route=\/wp\/v2\/types\/page"}],"author":[{"embeddable":true,"href":"https:\/\/xn--bachblten-hamburg-72b.de\/index.php?rest_route=\/wp\/v2\/users\/1"}],"replies":[{"embeddable":true,"href":"https:\/\/xn--bachblten-hamburg-72b.de\/index.php?rest_route=%2Fwp%2Fv2%2Fcomments&post=794"}],"version-history":[{"count":275,"href":"https:\/\/xn--bachblten-hamburg-72b.de\/index.php?rest_route=\/wp\/v2\/pages\/794\/revisions"}],"predecessor-version":[{"id":2005,"href":"https:\/\/xn--bachblten-hamburg-72b.de\/index.php?rest_route=\/wp\/v2\/pages\/794\/revisions\/2005"}],"wp:featuredmedia":[{"embeddable":true,"href":"https:\/\/xn--bachblten-hamburg-72b.de\/index.php?rest_route=\/wp\/v2\/media\/717"}],"wp:attachment":[{"href":"https:\/\/xn--bachblten-hamburg-72b.de\/index.php?rest_route=%2Fwp%2Fv2%2Fmedia&parent=794"}],"curies":[{"name":"wp","href":"https:\/\/api.w.org\/{rel}","templated":true}]}}