{"id":850,"date":"2018-08-16T06:32:32","date_gmt":"2018-08-16T06:32:32","guid":{"rendered":"http:\/\/xn--bachblten-hamburg-72b.de\/?page_id=850"},"modified":"2018-08-20T15:44:44","modified_gmt":"2018-08-20T15:44:44","slug":"bewegungs-und-haltungsanalyse","status":"publish","type":"page","link":"https:\/\/xn--bachblten-hamburg-72b.de\/?page_id=850","title":{"rendered":"Bewegungs-und Haltungsanalyse"},"content":{"rendered":"<p>Alles unterliegt der Schwerkraft!<\/p>\n<p>Wie sitze ich am Arbeitsplatz?<\/p>\n<p>Wie stehe und wie laufe ich?<\/p>\n<p>Wie bewege ich mich beim Sport?<\/p>\n<p>So wie ich meinen K\u00f6rper im Alltag halte und bewege entscheidet sich die Frage nach Verschlei\u00df oder Optimierung von Bewegungsabl\u00e4ufen.<\/p>\n<p>Ich helfe Ihnen gerne dabei, die Wirbels\u00e4ule wieder ins rechte Lot zu bringen, damit Nacken und R\u00fccken weniger schmerzen.<\/p>\n<p>Ich zeige Ihnen gerne, wie sie ihre Beinachsen optimal eingestellen, damit H\u00fcfte,Knie und F\u00fcsse entlastet sind durch richtiges Gehen.<\/p>\n","protected":false},"excerpt":{"rendered":"<p>Alles unterliegt der Schwerkraft! Wie sitze ich am Arbeitsplatz? Wie stehe und wie laufe ich? Wie bewege ich mich beim Sport? So wie ich meinen K\u00f6rper im Alltag halte und bewege entscheidet sich die Frage nach Verschlei\u00df oder Optimierung von Bewegungsabl\u00e4ufen. Ich helfe Ihnen gerne dabei, die Wirbels\u00e4ule wieder ins rechte Lot zu bringen, damit &hellip; <\/p>\n<p class=\"link-more\"><a href=\"https:\/\/xn--bachblten-hamburg-72b.de\/?page_id=850\" class=\"more-link\"><span class=\"screen-reader-text\">\u201eBewegungs-und Haltungsanalyse\u201c<\/span> weiterlesen<\/a><\/p>\n","protected":false},"author":1,"featured_media":0,"parent":792,"menu_order":0,"comment_status":"closed","ping_status":"closed","template":"","meta":{"footnotes":""},"_links":{"self":[{"href":"https:\/\/xn--bachblten-hamburg-72b.de\/index.php?rest_route=\/wp\/v2\/pages\/850"}],"collection":[{"href":"https:\/\/xn--bachblten-hamburg-72b.de\/index.php?rest_route=\/wp\/v2\/pages"}],"about":[{"href":"https:\/\/xn--bachblten-hamburg-72b.de\/index.php?rest_route=\/wp\/v2\/types\/page"}],"author":[{"embeddable":true,"href":"https:\/\/xn--bachblten-hamburg-72b.de\/index.php?rest_route=\/wp\/v2\/users\/1"}],"replies":[{"embeddable":true,"href":"https:\/\/xn--bachblten-hamburg-72b.de\/index.php?rest_route=%2Fwp%2Fv2%2Fcomments&post=850"}],"version-history":[{"count":10,"href":"https:\/\/xn--bachblten-hamburg-72b.de\/index.php?rest_route=\/wp\/v2\/pages\/850\/revisions"}],"predecessor-version":[{"id":917,"href":"https:\/\/xn--bachblten-hamburg-72b.de\/index.php?rest_route=\/wp\/v2\/pages\/850\/revisions\/917"}],"up":[{"embeddable":true,"href":"https:\/\/xn--bachblten-hamburg-72b.de\/index.php?rest_route=\/wp\/v2\/pages\/792"}],"wp:attachment":[{"href":"https:\/\/xn--bachblten-hamburg-72b.de\/index.php?rest_route=%2Fwp%2Fv2%2Fmedia&parent=850"}],"curies":[{"name":"wp","href":"https:\/\/api.w.org\/{rel}","templated":true}]}}