{"id":877,"date":"2018-08-20T16:07:44","date_gmt":"2018-08-20T16:07:44","guid":{"rendered":"http:\/\/xn--bachblten-hamburg-72b.de\/?page_id=877"},"modified":"2024-09-24T10:57:13","modified_gmt":"2024-09-24T10:57:13","slug":"qigong","status":"publish","type":"page","link":"https:\/\/xn--bachblten-hamburg-72b.de\/?page_id=877","title":{"rendered":"Qigong"},"content":{"rendered":"<p>&nbsp;<\/p>\n<p style=\"text-align: left;\"><strong>Qi Gong<\/strong> kommt aus China und ist Teil der traditionellen chinesischen Medizin. Es sind K\u00f6rper\u00fcbungen, die die Lebenskraft st\u00e4rken und Energieblockaden \u00fcberwinden helfen, so dass sich eine Harmonie in den Organsystemen und ein Gleichgewicht zwischen\u00a0 den m\u00e4nnlichen und weiblichen Kr\u00e4ften, Yin und Yang einstellt.<\/p>\n<p style=\"text-align: left;\">Das<strong> Duft-Qigong oder medizinische Qigong<\/strong> versetzt den K\u00f6rper \u00fcber rhythmische Arm- und H\u00fcftbewegungen in einen angenehmen Schwingungszustand, so dass sich Verspannungen l\u00f6sen. Der K\u00f6rper wird\u00a0 beweglicher und optimal mit Sauerstoff versorgt.<\/p>\n<p style=\"text-align: left;\">Diese gelenkschonende Bewegungsform ist besonders auch f\u00fcr Schmerzpatienten und \u00e4ltere Menschen geeignet, und hat sich zur Vorbeugung und Behandlung vieler Alltagsbeschwerden und Zivilisationskrankheiten seit Jahrhunderten bew\u00e4hrt.<\/p>\n<p style=\"text-align: left;\">Die \u00dcbungen sind <strong>leicht zu erlernen<\/strong> und erfordern keinerlei Vorkenntnisse. Bei regelm\u00e4\u00dfiger Ausf\u00fchrung st\u00e4rken sie das allgemeine <strong>Wohlbefinden<\/strong>, die <strong>Ausdauer<\/strong> und die <strong>Selbstheilungskr\u00e4fte.<\/strong><\/p>\n<p>Sie k\u00f6nnen einzelne Qigong-\u00dcbungen im Rahmen einer physiotherapeutischen Anwendung erlernen oder<\/p>\n<p>mit Anderen zusammen die komplette Duft-Qigong Folge von 30 \u00dcbungen in einem Kurs vermittelt bekommen.<\/p>\n<p style=\"text-align: left;\">Die Kurse finden <strong>\u00a0im Sommerhalbjahr\u00a0 im Katthorstpark, Hamburg Volksdorf<\/strong> (300 m von der U- Bahn Haltestelle Volksdorf) und <strong>im Winterhalbjahr\u00a0 in den R\u00e4umen der Lukaskirche Hamburg Volksdorf<\/strong> statt.<\/p>\n<p style=\"text-align: center;\">Einstieg nach Voranmeldung jederzeit m\u00f6glich<\/p>\n<p><img loading=\"lazy\" decoding=\"async\" class=\"alignnone size-full wp-image-1628\" src=\"http:\/\/xn--bachblten-hamburg-72b.de\/wp-content\/uploads\/2021\/09\/IMG_1095-scaled.jpg\" alt=\"\" width=\"2560\" height=\"1920\" srcset=\"https:\/\/xn--bachblten-hamburg-72b.de\/wp-content\/uploads\/2021\/09\/IMG_1095-scaled.jpg 2560w, https:\/\/xn--bachblten-hamburg-72b.de\/wp-content\/uploads\/2021\/09\/IMG_1095-300x225.jpg 300w, https:\/\/xn--bachblten-hamburg-72b.de\/wp-content\/uploads\/2021\/09\/IMG_1095-1024x768.jpg 1024w, https:\/\/xn--bachblten-hamburg-72b.de\/wp-content\/uploads\/2021\/09\/IMG_1095-768x576.jpg 768w, https:\/\/xn--bachblten-hamburg-72b.de\/wp-content\/uploads\/2021\/09\/IMG_1095-1536x1152.jpg 1536w, https:\/\/xn--bachblten-hamburg-72b.de\/wp-content\/uploads\/2021\/09\/IMG_1095-2048x1536.jpg 2048w\" sizes=\"(max-width: 767px) 89vw, (max-width: 1000px) 54vw, (max-width: 1071px) 543px, 580px\" \/><\/p>\n<p style=\"text-align: center;\">\n","protected":false},"excerpt":{"rendered":"<p>&nbsp; Qi Gong kommt aus China und ist Teil der traditionellen chinesischen Medizin. Es sind K\u00f6rper\u00fcbungen, die die Lebenskraft st\u00e4rken und Energieblockaden \u00fcberwinden helfen, so dass sich eine Harmonie in den Organsystemen und ein Gleichgewicht zwischen\u00a0 den m\u00e4nnlichen und weiblichen Kr\u00e4ften, Yin und Yang einstellt. Das Duft-Qigong oder medizinische Qigong versetzt den K\u00f6rper \u00fcber rhythmische &hellip; <\/p>\n<p class=\"link-more\"><a href=\"https:\/\/xn--bachblten-hamburg-72b.de\/?page_id=877\" class=\"more-link\"><span class=\"screen-reader-text\">\u201eQigong\u201c<\/span> weiterlesen<\/a><\/p>\n","protected":false},"author":1,"featured_media":0,"parent":792,"menu_order":0,"comment_status":"closed","ping_status":"closed","template":"","meta":{"footnotes":""},"_links":{"self":[{"href":"https:\/\/xn--bachblten-hamburg-72b.de\/index.php?rest_route=\/wp\/v2\/pages\/877"}],"collection":[{"href":"https:\/\/xn--bachblten-hamburg-72b.de\/index.php?rest_route=\/wp\/v2\/pages"}],"about":[{"href":"https:\/\/xn--bachblten-hamburg-72b.de\/index.php?rest_route=\/wp\/v2\/types\/page"}],"author":[{"embeddable":true,"href":"https:\/\/xn--bachblten-hamburg-72b.de\/index.php?rest_route=\/wp\/v2\/users\/1"}],"replies":[{"embeddable":true,"href":"https:\/\/xn--bachblten-hamburg-72b.de\/index.php?rest_route=%2Fwp%2Fv2%2Fcomments&post=877"}],"version-history":[{"count":53,"href":"https:\/\/xn--bachblten-hamburg-72b.de\/index.php?rest_route=\/wp\/v2\/pages\/877\/revisions"}],"predecessor-version":[{"id":1964,"href":"https:\/\/xn--bachblten-hamburg-72b.de\/index.php?rest_route=\/wp\/v2\/pages\/877\/revisions\/1964"}],"up":[{"embeddable":true,"href":"https:\/\/xn--bachblten-hamburg-72b.de\/index.php?rest_route=\/wp\/v2\/pages\/792"}],"wp:attachment":[{"href":"https:\/\/xn--bachblten-hamburg-72b.de\/index.php?rest_route=%2Fwp%2Fv2%2Fmedia&parent=877"}],"curies":[{"name":"wp","href":"https:\/\/api.w.org\/{rel}","templated":true}]}}