{"id":880,"date":"2018-08-20T16:07:11","date_gmt":"2018-08-20T16:07:11","guid":{"rendered":"http:\/\/xn--bachblten-hamburg-72b.de\/?page_id=880"},"modified":"2018-08-21T08:13:39","modified_gmt":"2018-08-21T08:13:39","slug":"craniasacrale-therapie","status":"publish","type":"page","link":"https:\/\/xn--bachblten-hamburg-72b.de\/?page_id=880","title":{"rendered":"Craniasacrale Therapie"},"content":{"rendered":"<p>Der zwischen Sch\u00e4del und Kreuzbein beheimatete sogenannte <strong>Craniosacrale Rhythmus<\/strong>, ist der pulsierende Rhythmus unserer Gehirnfl\u00fcssigkeit und lenkt das Wohlbefinden in allen K\u00f6rperregionen.Kann er sich nicht richtig ausbreiten oder ist er zu schnell oder zu langsam, k\u00f6nnen Beschwerden im K\u00f6rper entstehen.<\/p>\n<p>Meine geschulten Therapeutenh\u00e4nde k\u00f6nnen die Verspannung tasten und mit sanften Impulsen die Regulation anregen,\u00a0 um den <strong>Fluss der Energie<\/strong> wieder ins Flie\u00dfen zu bringen.<strong>Wohlempfinden<\/strong> und <strong>Entspannung<\/strong> breiten sich aus.<\/p>\n<p>So f\u00f6rdert die <strong>Craniosacrale Therapie<\/strong><\/p>\n<p>\u2022\u00a0 die Lern-und Konzentrationsf\u00e4higkeit und den Schlaf<\/p>\n<p>\u2022\u00a0 eine bessere Durchblutung des Gehirns<\/p>\n<p>\u2022 die Entspannung der Wirbels\u00e4ule und der Kiefergelenke<\/p>\n<p>\u2022 die Balance des Autonomen Nervensystems<\/p>\n<p>\u2022 die hormonelle Regulation<\/p>\n<p>\u2022 und vieles mehr<\/p>\n<p>&nbsp;<\/p>\n","protected":false},"excerpt":{"rendered":"<p>Der zwischen Sch\u00e4del und Kreuzbein beheimatete sogenannte Craniosacrale Rhythmus, ist der pulsierende Rhythmus unserer Gehirnfl\u00fcssigkeit und lenkt das Wohlbefinden in allen K\u00f6rperregionen.Kann er sich nicht richtig ausbreiten oder ist er zu schnell oder zu langsam, k\u00f6nnen Beschwerden im K\u00f6rper entstehen. Meine geschulten Therapeutenh\u00e4nde k\u00f6nnen die Verspannung tasten und mit sanften Impulsen die Regulation anregen,\u00a0 um &hellip; <\/p>\n<p class=\"link-more\"><a href=\"https:\/\/xn--bachblten-hamburg-72b.de\/?page_id=880\" class=\"more-link\"><span class=\"screen-reader-text\">\u201eCraniasacrale Therapie\u201c<\/span> weiterlesen<\/a><\/p>\n","protected":false},"author":1,"featured_media":0,"parent":792,"menu_order":0,"comment_status":"closed","ping_status":"closed","template":"","meta":{"footnotes":""},"_links":{"self":[{"href":"https:\/\/xn--bachblten-hamburg-72b.de\/index.php?rest_route=\/wp\/v2\/pages\/880"}],"collection":[{"href":"https:\/\/xn--bachblten-hamburg-72b.de\/index.php?rest_route=\/wp\/v2\/pages"}],"about":[{"href":"https:\/\/xn--bachblten-hamburg-72b.de\/index.php?rest_route=\/wp\/v2\/types\/page"}],"author":[{"embeddable":true,"href":"https:\/\/xn--bachblten-hamburg-72b.de\/index.php?rest_route=\/wp\/v2\/users\/1"}],"replies":[{"embeddable":true,"href":"https:\/\/xn--bachblten-hamburg-72b.de\/index.php?rest_route=%2Fwp%2Fv2%2Fcomments&post=880"}],"version-history":[{"count":4,"href":"https:\/\/xn--bachblten-hamburg-72b.de\/index.php?rest_route=\/wp\/v2\/pages\/880\/revisions"}],"predecessor-version":[{"id":957,"href":"https:\/\/xn--bachblten-hamburg-72b.de\/index.php?rest_route=\/wp\/v2\/pages\/880\/revisions\/957"}],"up":[{"embeddable":true,"href":"https:\/\/xn--bachblten-hamburg-72b.de\/index.php?rest_route=\/wp\/v2\/pages\/792"}],"wp:attachment":[{"href":"https:\/\/xn--bachblten-hamburg-72b.de\/index.php?rest_route=%2Fwp%2Fv2%2Fmedia&parent=880"}],"curies":[{"name":"wp","href":"https:\/\/api.w.org\/{rel}","templated":true}]}}