{"id":882,"date":"2018-08-20T16:08:15","date_gmt":"2018-08-20T16:08:15","guid":{"rendered":"http:\/\/xn--bachblten-hamburg-72b.de\/?page_id=882"},"modified":"2024-02-11T18:22:15","modified_gmt":"2024-02-11T18:22:15","slug":"silent-touch","status":"publish","type":"page","link":"https:\/\/xn--bachblten-hamburg-72b.de\/?page_id=882","title":{"rendered":"Silent Touch"},"content":{"rendered":"<div id=\"content\" class=\"site-content\">\n<div class=\"wrap\">\n<div id=\"primary\" class=\"content-area\">\n<article id=\"post-90\" class=\"post-90 page type-page status-publish hentry\">\n<div class=\"entry-content\">\n<p align=\"justify\"><strong>Silent Touch<\/strong> ist eine tiefgehende <strong>Heilbehandlung,<\/strong> die durch das f\u00fchlende Ber\u00fchren des K\u00f6rpers das Bewu\u00dftsein zu dem jeweiligen K\u00f6rperteil lenkt. Hierdurch werden K\u00f6rperr\u00e4ume neu wahrgenommen und St\u00f6rfelder integriert.<\/p>\n<p align=\"justify\">Der Prozess des Loslassens von \u00fcberm\u00e4ssiger K\u00f6rper-Spannung und das Regulieren\u00a0 gest\u00f6rter K\u00f6rperfunktionen\u00a0 kann dadurch erreicht werden.<\/p>\n<p align=\"justify\">Dieser Prozess der <strong>Integration<\/strong>\u00a0 geht sowohl vom Bewusstsein des Patienten selber als auch von den heilenden H\u00e4nden des Therapeuten aus.<\/p>\n<p align=\"justify\">Silent Touch ist hilfreich bei verschiedensten Schmerz-und Verspannungszust\u00e4nden.<\/p>\n<p align=\"justify\">\n<\/div>\n<\/article>\n<\/div>\n<\/div>\n<\/div>\n","protected":false},"excerpt":{"rendered":"<p>Silent Touch ist eine tiefgehende Heilbehandlung, die durch das f\u00fchlende Ber\u00fchren des K\u00f6rpers das Bewu\u00dftsein zu dem jeweiligen K\u00f6rperteil lenkt. Hierdurch werden K\u00f6rperr\u00e4ume neu wahrgenommen und St\u00f6rfelder integriert. Der Prozess des Loslassens von \u00fcberm\u00e4ssiger K\u00f6rper-Spannung und das Regulieren\u00a0 gest\u00f6rter K\u00f6rperfunktionen\u00a0 kann dadurch erreicht werden. Dieser Prozess der Integration\u00a0 geht sowohl vom Bewusstsein des Patienten selber &hellip; <\/p>\n<p class=\"link-more\"><a href=\"https:\/\/xn--bachblten-hamburg-72b.de\/?page_id=882\" class=\"more-link\"><span class=\"screen-reader-text\">\u201eSilent Touch\u201c<\/span> weiterlesen<\/a><\/p>\n","protected":false},"author":1,"featured_media":0,"parent":792,"menu_order":0,"comment_status":"closed","ping_status":"closed","template":"","meta":{"footnotes":""},"_links":{"self":[{"href":"https:\/\/xn--bachblten-hamburg-72b.de\/index.php?rest_route=\/wp\/v2\/pages\/882"}],"collection":[{"href":"https:\/\/xn--bachblten-hamburg-72b.de\/index.php?rest_route=\/wp\/v2\/pages"}],"about":[{"href":"https:\/\/xn--bachblten-hamburg-72b.de\/index.php?rest_route=\/wp\/v2\/types\/page"}],"author":[{"embeddable":true,"href":"https:\/\/xn--bachblten-hamburg-72b.de\/index.php?rest_route=\/wp\/v2\/users\/1"}],"replies":[{"embeddable":true,"href":"https:\/\/xn--bachblten-hamburg-72b.de\/index.php?rest_route=%2Fwp%2Fv2%2Fcomments&post=882"}],"version-history":[{"count":11,"href":"https:\/\/xn--bachblten-hamburg-72b.de\/index.php?rest_route=\/wp\/v2\/pages\/882\/revisions"}],"predecessor-version":[{"id":1882,"href":"https:\/\/xn--bachblten-hamburg-72b.de\/index.php?rest_route=\/wp\/v2\/pages\/882\/revisions\/1882"}],"up":[{"embeddable":true,"href":"https:\/\/xn--bachblten-hamburg-72b.de\/index.php?rest_route=\/wp\/v2\/pages\/792"}],"wp:attachment":[{"href":"https:\/\/xn--bachblten-hamburg-72b.de\/index.php?rest_route=%2Fwp%2Fv2%2Fmedia&parent=882"}],"curies":[{"name":"wp","href":"https:\/\/api.w.org\/{rel}","templated":true}]}}