{"id":888,"date":"2018-08-20T16:06:55","date_gmt":"2018-08-20T16:06:55","guid":{"rendered":"http:\/\/xn--bachblten-hamburg-72b.de\/?page_id=888"},"modified":"2023-05-17T21:31:38","modified_gmt":"2023-05-17T21:31:38","slug":"bachbluetentherapie","status":"publish","type":"page","link":"https:\/\/xn--bachblten-hamburg-72b.de\/?page_id=888","title":{"rendered":"Bachbl\u00fctentherapie"},"content":{"rendered":"<p>Die <strong>Original Bach-Bl\u00fctentherapie<\/strong> gr\u00fcndet sich auf die Entdeckungen des englischen Arztes und Philosophen <strong>Dr. Edward Bach (1886-1936).<\/strong><\/p>\n<p>Er leistete schon zu Beginn des vorigen Jahrhunderts entscheidende Beitr\u00e4ge zum heutigen Gebiet der <strong>Psychosomatik.<\/strong><\/p>\n<p>Die Bach-Bl\u00fctentherapie geht davon aus, dass k\u00f6rperlichen Krankheiten h\u00e4ufig eine <strong>seelische Gleichgewichtsst\u00f6rung<\/strong> vorausgeht. Diese sogenannten negativen Seelenzust\u00e4nde oder Verhaltensweisen\u00a0 wie Angst, Verunsicherung, Innerer R\u00fcckzug, \u00dcberempfindlichkeit, Mutlosigkeit und Verzweiflung oder \u00fcbertriebenes Dominanzstreben sind\u00a0 dem Menschen oft unbewu\u00dft oder er wei\u00df nicht, wie er es \u00e4ndern kann.Der geschulte Therapeut oder Arzt kann das aber erkennen und die passende Bl\u00fcte zuordnen.<\/p>\n<p>Die Bach -Bl\u00fctentherapie dient dazu, mit diesen <strong>negativen Seelenzust\u00e4nden und Verhaltensweisen <\/strong>der menschlichen Natur konstruktiv umzugehen und <strong>Verhaltens\u00e4nderungen herbeizuf\u00fchren.<\/strong><\/p>\n<p>Insgesamt\u00a0 fand Dr. Bach <strong>38 wildwachsende Bl\u00fcten<\/strong> f\u00fcr 38 verschiedene Seelenzust\u00e4nde seiner Patienten. Mit\u00a0 ihren nat\u00fcrlich wirkenden Kr\u00e4ften helfen sie dem Menschen, sein\u00a0 positives Potential wie Mut, Selbstsicherheit, Geselligkeit, Zielstrebigkeit und liebevolles Handeln sowie Nachsicht mit anderen Menschen wieder zu<strong> aktivieren<\/strong> und somit Anschlu\u00df an seine inneren <strong>Selbstheilungskr\u00e4fte <\/strong>zu finden.<\/p>\n<p>Dr. Edward Bachs Leitsatz war \u201eHeal Thyself\u201c-<strong> \u201eHeile dich selbst\u201c.<\/strong><\/p>\n<p>Als geschulte und zertifizierte Bachbl\u00fctenberaterin w\u00e4hle ich in einem ausf\u00fchrlichen <strong>Gespr\u00e4ch<\/strong> mit Ihnen die f\u00fcr sie momentan <strong>passende Bl\u00fctenmischung<\/strong> aus.<\/p>\n<p><strong>Online oder Telefonberatungen sind ebenso m\u00f6glich.<\/strong><\/p>\n<p>Beratungstermin\u00a0 60 min\u00a0 65,- \u20ac,<\/p>\n<p>Bachbl\u00fctenmischung\u00a0 30 ml Einnahmeflasche 20,-\u20ac<\/p>\n<p>Meine Ausbildung erfolgte durch <strong>Mechthild Scheffer<\/strong> am <strong>Dr. Edward Bach<\/strong> <strong>Centre Hamburg<\/strong> sowie durch ihre Nachfolgerin <strong>Ingrid Haring , Bachbl\u00fcten-Zentrum Wien.<\/strong><\/p>\n<p>&nbsp;<\/p>\n<p>Mehr erfahren zu:<\/p>\n<p><a href=\"http:\/\/xn--bachblten-hamburg-72b.de\/?page_id=963\"><strong>Anwendungsgebiete<\/strong><\/a><\/p>\n<p><strong><a href=\"http:\/\/xn--bachblten-hamburg-72b.de\/?page_id=973\">Wirkungsweise der Bl\u00fcten\u00a0<\/a><\/strong><\/p>\n<p><a href=\"https:\/\/www.youtube.com\/watch?v=Z7p7XIvGSPk\"><strong>Bachbl\u00fcten als Hausapotheke f\u00fcr die Seele<\/strong><\/a><\/p>\n<p>&nbsp;<\/p>\n<p><strong><em>\u00a0<\/em><\/strong><\/p>\n","protected":false},"excerpt":{"rendered":"<p>Die Original Bach-Bl\u00fctentherapie gr\u00fcndet sich auf die Entdeckungen des englischen Arztes und Philosophen Dr. Edward Bach (1886-1936). Er leistete schon zu Beginn des vorigen Jahrhunderts entscheidende Beitr\u00e4ge zum heutigen Gebiet der Psychosomatik. Die Bach-Bl\u00fctentherapie geht davon aus, dass k\u00f6rperlichen Krankheiten h\u00e4ufig eine seelische Gleichgewichtsst\u00f6rung vorausgeht. Diese sogenannten negativen Seelenzust\u00e4nde oder Verhaltensweisen\u00a0 wie Angst, Verunsicherung, Innerer &hellip; <\/p>\n<p class=\"link-more\"><a href=\"https:\/\/xn--bachblten-hamburg-72b.de\/?page_id=888\" class=\"more-link\"><span class=\"screen-reader-text\">\u201eBachbl\u00fctentherapie\u201c<\/span> weiterlesen<\/a><\/p>\n","protected":false},"author":1,"featured_media":0,"parent":792,"menu_order":0,"comment_status":"closed","ping_status":"closed","template":"","meta":{"footnotes":""},"_links":{"self":[{"href":"https:\/\/xn--bachblten-hamburg-72b.de\/index.php?rest_route=\/wp\/v2\/pages\/888"}],"collection":[{"href":"https:\/\/xn--bachblten-hamburg-72b.de\/index.php?rest_route=\/wp\/v2\/pages"}],"about":[{"href":"https:\/\/xn--bachblten-hamburg-72b.de\/index.php?rest_route=\/wp\/v2\/types\/page"}],"author":[{"embeddable":true,"href":"https:\/\/xn--bachblten-hamburg-72b.de\/index.php?rest_route=\/wp\/v2\/users\/1"}],"replies":[{"embeddable":true,"href":"https:\/\/xn--bachblten-hamburg-72b.de\/index.php?rest_route=%2Fwp%2Fv2%2Fcomments&post=888"}],"version-history":[{"count":45,"href":"https:\/\/xn--bachblten-hamburg-72b.de\/index.php?rest_route=\/wp\/v2\/pages\/888\/revisions"}],"predecessor-version":[{"id":1618,"href":"https:\/\/xn--bachblten-hamburg-72b.de\/index.php?rest_route=\/wp\/v2\/pages\/888\/revisions\/1618"}],"up":[{"embeddable":true,"href":"https:\/\/xn--bachblten-hamburg-72b.de\/index.php?rest_route=\/wp\/v2\/pages\/792"}],"wp:attachment":[{"href":"https:\/\/xn--bachblten-hamburg-72b.de\/index.php?rest_route=%2Fwp%2Fv2%2Fmedia&parent=888"}],"curies":[{"name":"wp","href":"https:\/\/api.w.org\/{rel}","templated":true}]}}