{"id":931,"date":"2018-08-20T16:16:38","date_gmt":"2018-08-20T16:16:38","guid":{"rendered":"http:\/\/xn--bachblten-hamburg-72b.de\/?page_id=931"},"modified":"2018-08-21T08:16:44","modified_gmt":"2018-08-21T08:16:44","slug":"wellness-und-entspannungsmassagen","status":"publish","type":"page","link":"https:\/\/xn--bachblten-hamburg-72b.de\/?page_id=931","title":{"rendered":"Wellness-und Entspannungsmassagen"},"content":{"rendered":"<p>Ich verwende hochwertige pflanzliche \u00d6le, die die Haut atmen lassen und pflegen.<\/p>\n<p>G\u00f6nnen Sie sich eine <strong>Auszeit im Alltag<\/strong> und helfen Sie Ihrem K\u00f6rper sich regelm\u00e4\u00dfig zu entspannen.<\/p>\n","protected":false},"excerpt":{"rendered":"<p>Ich verwende hochwertige pflanzliche \u00d6le, die die Haut atmen lassen und pflegen. G\u00f6nnen Sie sich eine Auszeit im Alltag und helfen Sie Ihrem K\u00f6rper sich regelm\u00e4\u00dfig zu entspannen.<\/p>\n","protected":false},"author":1,"featured_media":0,"parent":792,"menu_order":0,"comment_status":"closed","ping_status":"closed","template":"","meta":{"footnotes":""},"_links":{"self":[{"href":"https:\/\/xn--bachblten-hamburg-72b.de\/index.php?rest_route=\/wp\/v2\/pages\/931"}],"collection":[{"href":"https:\/\/xn--bachblten-hamburg-72b.de\/index.php?rest_route=\/wp\/v2\/pages"}],"about":[{"href":"https:\/\/xn--bachblten-hamburg-72b.de\/index.php?rest_route=\/wp\/v2\/types\/page"}],"author":[{"embeddable":true,"href":"https:\/\/xn--bachblten-hamburg-72b.de\/index.php?rest_route=\/wp\/v2\/users\/1"}],"replies":[{"embeddable":true,"href":"https:\/\/xn--bachblten-hamburg-72b.de\/index.php?rest_route=%2Fwp%2Fv2%2Fcomments&post=931"}],"version-history":[{"count":2,"href":"https:\/\/xn--bachblten-hamburg-72b.de\/index.php?rest_route=\/wp\/v2\/pages\/931\/revisions"}],"predecessor-version":[{"id":959,"href":"https:\/\/xn--bachblten-hamburg-72b.de\/index.php?rest_route=\/wp\/v2\/pages\/931\/revisions\/959"}],"up":[{"embeddable":true,"href":"https:\/\/xn--bachblten-hamburg-72b.de\/index.php?rest_route=\/wp\/v2\/pages\/792"}],"wp:attachment":[{"href":"https:\/\/xn--bachblten-hamburg-72b.de\/index.php?rest_route=%2Fwp%2Fv2%2Fmedia&parent=931"}],"curies":[{"name":"wp","href":"https:\/\/api.w.org\/{rel}","templated":true}]}}