{"id":963,"date":"2018-08-21T08:43:53","date_gmt":"2018-08-21T08:43:53","guid":{"rendered":"http:\/\/xn--bachblten-hamburg-72b.de\/?page_id=963"},"modified":"2020-01-09T15:01:37","modified_gmt":"2020-01-09T15:01:37","slug":"anwendungsgebiete-der-bachblueten","status":"publish","type":"page","link":"https:\/\/xn--bachblten-hamburg-72b.de\/?page_id=963","title":{"rendered":"Anwendungsgebiete der Bachbl\u00fcten"},"content":{"rendered":"<p><img loading=\"lazy\" decoding=\"async\" class=\"alignnone size-full wp-image-1025\" src=\"http:\/\/xn--bachblten-hamburg-72b.de\/wp-content\/uploads\/2018\/08\/23.jpg\" alt=\"\" width=\"3264\" height=\"2448\" srcset=\"https:\/\/xn--bachblten-hamburg-72b.de\/wp-content\/uploads\/2018\/08\/23.jpg 3264w, https:\/\/xn--bachblten-hamburg-72b.de\/wp-content\/uploads\/2018\/08\/23-300x225.jpg 300w, https:\/\/xn--bachblten-hamburg-72b.de\/wp-content\/uploads\/2018\/08\/23-768x576.jpg 768w, https:\/\/xn--bachblten-hamburg-72b.de\/wp-content\/uploads\/2018\/08\/23-1024x768.jpg 1024w\" sizes=\"(max-width: 767px) 89vw, (max-width: 1000px) 54vw, (max-width: 1071px) 543px, 580px\" \/><\/p>\n<ul>\n<li>Seelische Gesundheitsvorsorge<\/li>\n<\/ul>\n<p>Wunsch nach Bewu\u00dftseinsentwicklung, Charakterst\u00e4rkung, Harmonisierung disharmonischer Verhaltensmuster<\/p>\n<ul>\n<li>Akutbehandlung psychischer Stressituationen und Lebenskrisen<\/li>\n<\/ul>\n<p>z.B. Beziehungskonflikte, Erziehungs-und Schulprobleme, Arbeitsplatzverlust, Trauer<\/p>\n<ul>\n<li>Begleitbehandlung akuter und chronischer Krankheiten<\/li>\n<\/ul>\n<p>Schwerwiegende Krankheiten erfordern immer den Gang zum Arzt, hier kann die Bach- Bl\u00fctentherapie aber begleitend die wertvollen Genesungsimpulse auf der seelischen Ebene geben, die die Heilung beschleunigen oder erst erm\u00f6glichen.<\/p>\n<p><strong>Vertrauen Sie meiner langj\u00e4hrigen Erfahrung als Therapeutin und meinem gro\u00dfen Einf\u00fchlungsverm\u00f6gen.<\/strong><\/p>\n<p>Die Bachbl\u00fcten vertragen sich mit jeder anderen Therapieform.<\/p>\n<p>&nbsp;<\/p>\n","protected":false},"excerpt":{"rendered":"<p>Seelische Gesundheitsvorsorge Wunsch nach Bewu\u00dftseinsentwicklung, Charakterst\u00e4rkung, Harmonisierung disharmonischer Verhaltensmuster Akutbehandlung psychischer Stressituationen und Lebenskrisen z.B. Beziehungskonflikte, Erziehungs-und Schulprobleme, Arbeitsplatzverlust, Trauer Begleitbehandlung akuter und chronischer Krankheiten Schwerwiegende Krankheiten erfordern immer den Gang zum Arzt, hier kann die Bach- Bl\u00fctentherapie aber begleitend die wertvollen Genesungsimpulse auf der seelischen Ebene geben, die die Heilung beschleunigen oder erst erm\u00f6glichen. &hellip; <\/p>\n<p class=\"link-more\"><a href=\"https:\/\/xn--bachblten-hamburg-72b.de\/?page_id=963\" class=\"more-link\"><span class=\"screen-reader-text\">\u201eAnwendungsgebiete der Bachbl\u00fcten\u201c<\/span> weiterlesen<\/a><\/p>\n","protected":false},"author":1,"featured_media":0,"parent":888,"menu_order":0,"comment_status":"closed","ping_status":"closed","template":"","meta":{"footnotes":""},"_links":{"self":[{"href":"https:\/\/xn--bachblten-hamburg-72b.de\/index.php?rest_route=\/wp\/v2\/pages\/963"}],"collection":[{"href":"https:\/\/xn--bachblten-hamburg-72b.de\/index.php?rest_route=\/wp\/v2\/pages"}],"about":[{"href":"https:\/\/xn--bachblten-hamburg-72b.de\/index.php?rest_route=\/wp\/v2\/types\/page"}],"author":[{"embeddable":true,"href":"https:\/\/xn--bachblten-hamburg-72b.de\/index.php?rest_route=\/wp\/v2\/users\/1"}],"replies":[{"embeddable":true,"href":"https:\/\/xn--bachblten-hamburg-72b.de\/index.php?rest_route=%2Fwp%2Fv2%2Fcomments&post=963"}],"version-history":[{"count":7,"href":"https:\/\/xn--bachblten-hamburg-72b.de\/index.php?rest_route=\/wp\/v2\/pages\/963\/revisions"}],"predecessor-version":[{"id":1794,"href":"https:\/\/xn--bachblten-hamburg-72b.de\/index.php?rest_route=\/wp\/v2\/pages\/963\/revisions\/1794"}],"up":[{"embeddable":true,"href":"https:\/\/xn--bachblten-hamburg-72b.de\/index.php?rest_route=\/wp\/v2\/pages\/888"}],"wp:attachment":[{"href":"https:\/\/xn--bachblten-hamburg-72b.de\/index.php?rest_route=%2Fwp%2Fv2%2Fmedia&parent=963"}],"curies":[{"name":"wp","href":"https:\/\/api.w.org\/{rel}","templated":true}]}}